{"id":1750,"date":"2020-07-03T00:17:29","date_gmt":"2020-07-03T00:17:29","guid":{"rendered":"https:\/\/x-theme.net\/avas-restaurant\/?page_id=2"},"modified":"2025-06-16T10:31:40","modified_gmt":"2025-06-16T08:31:40","slug":"home-restaurant","status":"publish","type":"page","link":"https:\/\/madunic.cveljo.com.hr\/","title":{"rendered":"Home Restaurant"},"content":{"rendered":"\t\t<div data-elementor-type=\"wp-page\" data-elementor-id=\"1750\" class=\"elementor elementor-1750\">\n\t\t\t\t\t\t<section class=\"elementor-section elementor-top-section elementor-element elementor-element-d17b5dd elementor-section-stretched elementor-section-full_width elementor-section-height-default elementor-section-height-default\" data-id=\"d17b5dd\" data-element_type=\"section\" data-settings=\"{&quot;stretch_section&quot;:&quot;section-stretched&quot;}\">\n\t\t\t\t\t\t<div class=\"elementor-container elementor-column-gap-no\">\n\t\t\t\t\t<div class=\"elementor-column elementor-col-100 elementor-top-column elementor-element elementor-element-e42a27f\" data-id=\"e42a27f\" data-element_type=\"column\">\n\t\t\t<div class=\"elementor-widget-wrap elementor-element-populated\">\n\t\t\t\t\t\t<div class=\"elementor-element elementor-element-7509408 elementor-widget elementor-widget-slider_revolution\" data-id=\"7509408\" data-element_type=\"widget\" data-widget_type=\"slider_revolution.default\">\n\t\t\t\t<div class=\"elementor-widget-container\">\n\t\t\t\t\t\n\t\t<div class=\"wp-block-themepunch-revslider\">\n\t\t\t\t<p class=\"rs-p-wp-fix\"><\/p>\n\t\t\t\t<sr7-module data-alias=\"avas-restaurant\" data-id=\"1\" id=\"SR7_1_1\" class=\"rs-ov-hidden\" data-version=\"6.7.34\">\n\t\t\t\t\t<sr7-adjuster><\/sr7-adjuster>\n\t\t\t\t\t<sr7-content>\n\t\t\t\t\t\t<sr7-slide id=\"SR7_1_1-1\" data-key=\"1\">\n\t\t\t\t\t\t\t<sr7-bg id=\"SR7_1_1-1-50\" class=\"sr7-layer\"><noscript><img decoding=\"async\" src=\"http:\/\/madunic.cveljo.com.hr\/wp-content\/uploads\/2025\/06\/poz1-tamnija.jpg\" alt=\"\" title=\"poz1&#8212;tamnija\"><\/noscript><\/sr7-bg>\n\t\t\t\t\t\t\t<a id=\"SR7_1_1-1-36\" class=\"sr7-layer\" href=\"http:\/\/about-us\" target=\"_self\" rel=\"nofollow\">O KONOBI<\/a>\n\t\t\t\t\t\t\t<sr7-txt id=\"SR7_1_1-1-43\" class=\"sr7-layer\">Va\u0161a igra, s crticama i slikama, ispred karte klju\u010d je konobe \u201eHrvatska pri\u010da\u201d na Danilu Gornjem.<\/sr7-txt>\n\t\t\t\t\t\t\t<a id=\"SR7_1_1-1-44\" class=\"sr7-layer\" href=\"http:\/\/our-menu\" target=\"_self\" rel=\"nofollow\">ISTRA\u017dITE<\/a>\n\t\t\t\t\t\t\t<sr7-txt id=\"SR7_1_1-1-49\" class=\"sr7-layer\">HRVATSKA PRI\u010cA<\/sr7-txt>\n\t\t\t\t\t\t<\/sr7-slide>\n\t\t\t\t\t\t<sr7-slide id=\"SR7_1_1-2\" data-key=\"2\">\n\t\t\t\t\t\t\t<sr7-bg id=\"SR7_1_1-2-42\" class=\"sr7-layer\"><noscript><img decoding=\"async\" src=\"http:\/\/madunic.cveljo.com.hr\/wp-content\/uploads\/2025\/06\/konoba1-scaled.jpg\" alt=\"\" title=\"konoba1\"><\/noscript><\/sr7-bg>\n\t\t\t\t\t\t\t<sr7-txt id=\"SR7_1_1-2-18\" class=\"sr7-layer\">Orahovica<\/sr7-txt>\n\t\t\t\t\t\t\t<sr7-txt id=\"SR7_1_1-2-20\" class=\"sr7-layer\">Crno vino<\/sr7-txt>\n\t\t\t\t\t\t\t<sr7-txt id=\"SR7_1_1-2-22\" class=\"sr7-layer\">Bijelo vino<\/sr7-txt>\n\t\t\t\t\t\t\t<sr7-txt id=\"SR7_1_1-2-32\" class=\"sr7-layer\">LIker od smokve<\/sr7-txt>\n\t\t\t\t\t\t\t<sr7-txt id=\"SR7_1_1-2-33\" class=\"sr7-layer\">Liker od kadulje i limuna<\/sr7-txt>\n\t\t\t\t\t\t\t<sr7-txt id=\"SR7_1_1-2-35\" class=\"sr7-layer\">Vi\u0161njeva\u010da<\/sr7-txt>\n\t\t\t\t\t\t\t<sr7-txt id=\"SR7_1_1-2-41\" class=\"sr7-layer\">IZ NA\u0160E KONOBE:<\/sr7-txt>\n\t\t\t\t\t\t<\/sr7-slide>\n\t\t\t\t\t\t<sr7-slide id=\"SR7_1_1-3\" data-key=\"3\">\n\t\t\t\t\t\t\t<sr7-bg id=\"SR7_1_1-3-59\" class=\"sr7-layer\"><noscript><img decoding=\"async\" src=\"http:\/\/madunic.cveljo.com.hr\/wp-content\/uploads\/2025\/06\/karta-2-scaled.jpg\" alt=\"\" title=\"karta-2\"><\/noscript><\/sr7-bg>\n\t\t\t\t\t\t\t<sr7-txt id=\"SR7_1_1-3-46\" class=\"sr7-layer\">IGRA \"HRVATSKA PRI\u010cA\"<\/sr7-txt>\n\t\t\t\t\t\t\t<sr7-txt id=\"SR7_1_1-3-52\" class=\"sr7-layer\">Lorem ipsum dolor sit amet consectetur adipiscing sed do eiusmod<\/sr7-txt>\n\t\t\t\t\t\t\t<a id=\"SR7_1_1-3-56\" class=\"sr7-layer\" href=\"http:\/\/reservation\" target=\"_self\" rel=\"nofollow\">O IGRI<\/a>\n\t\t\t\t\t\t\t<a id=\"SR7_1_1-3-58\" class=\"sr7-layer\" href=\"http:\/\/contact-us\" target=\"_self\" rel=\"nofollow\">KONTAKT<\/a>\n\t\t\t\t\t\t<\/sr7-slide>\n\t\t\t\t\t\t<sr7-slide id=\"SR7_1_1-4\" data-key=\"4\">\n\t\t\t\t\t\t<\/sr7-slide>\n\t\t\t\t\t<\/sr7-content>\n\t\t\t\t\t<image_lists style=\"display:none\">\n\t\t\t\t\t\t<img data-src=\"\/\/madunic.cveljo.com.hr\/wp-content\/uploads\/2025\/06\/poz1-tamnija.jpg\" data-libid=\"1862\" data-lib=\"medialibrary\" title=\"poz1&#8212;tamnija\" width=\"0\" height=\"0\" data-dbsrc=\"Ly9tYWR1bmljLmN2ZWxqby5jb20uaHIvd3AtY29udGVudC91cGxvYWRzLzIwMjUvMDYvcG96MS10YW1uaWphLmpwZw==\"\/>\n\t\t\t\t\t\t<img data-src=\"\/\/madunic.cveljo.com.hr\/wp-content\/uploads\/2025\/06\/20250615_172122-scaled.jpg\" data-libid=\"1883\" title=\"20250615_172122\" width=\"0\" height=\"0\" data-dbsrc=\"Ly9tYWR1bmljLmN2ZWxqby5jb20uaHIvd3AtY29udGVudC91cGxvYWRzLzIwMjUvMDYvMjAyNTA2MTVfMTcyMTIyLXNjYWxlZC5qcGc=\"\/>\n\t\t\t\t\t\t<img data-src=\"\/\/madunic.cveljo.com.hr\/wp-content\/uploads\/2025\/06\/20250615_171330-1-scaled.jpg\" data-libid=\"1885\" title=\"20250615_171330\" width=\"0\" height=\"0\" data-dbsrc=\"Ly9tYWR1bmljLmN2ZWxqby5jb20uaHIvd3AtY29udGVudC91cGxvYWRzLzIwMjUvMDYvMjAyNTA2MTVfMTcxMzMwLTEtc2NhbGVkLmpwZw==\"\/>\n\t\t\t\t\t\t<img loading=\"lazy\" data-src=\"\/\/madunic.cveljo.com.hr\/wp-content\/uploads\/2025\/06\/bijelo-vino-scaled.jpg\" data-libid=\"1887\" title=\"bijelo vino\" width=\"0\" height=\"0\" data-dbsrc=\"Ly9tYWR1bmljLmN2ZWxqby5jb20uaHIvd3AtY29udGVudC91cGxvYWRzLzIwMjUvMDYvYmlqZWxvLXZpbm8tc2NhbGVkLmpwZw==\"\/>\n\t\t\t\t\t\t<img loading=\"lazy\" data-src=\"\/\/madunic.cveljo.com.hr\/wp-content\/uploads\/2025\/06\/visnjevaca-scaled.jpg\" data-libid=\"1888\" title=\"visnjevaca\" width=\"0\" height=\"0\" data-dbsrc=\"Ly9tYWR1bmljLmN2ZWxqby5jb20uaHIvd3AtY29udGVudC91cGxvYWRzLzIwMjUvMDYvdmlzbmpldmFjYS1zY2FsZWQuanBn\"\/>\n\t\t\t\t\t\t<img loading=\"lazy\" data-src=\"\/\/madunic.cveljo.com.hr\/wp-content\/uploads\/2025\/06\/kadulja-scaled.jpg\" data-libid=\"1889\" title=\"kadulja\" width=\"0\" height=\"0\" data-dbsrc=\"Ly9tYWR1bmljLmN2ZWxqby5jb20uaHIvd3AtY29udGVudC91cGxvYWRzLzIwMjUvMDYva2FkdWxqYS1zY2FsZWQuanBn\"\/>\n\t\t\t\t\t\t<img loading=\"lazy\" data-src=\"\/\/madunic.cveljo.com.hr\/wp-content\/uploads\/2025\/06\/smokva-scaled.jpg\" data-libid=\"1890\" title=\"smokva\" width=\"0\" height=\"0\" data-dbsrc=\"Ly9tYWR1bmljLmN2ZWxqby5jb20uaHIvd3AtY29udGVudC91cGxvYWRzLzIwMjUvMDYvc21va3ZhLXNjYWxlZC5qcGc=\"\/>\n\t\t\t\t\t\t<img loading=\"lazy\" data-src=\"\/\/madunic.cveljo.com.hr\/wp-content\/uploads\/2025\/06\/konoba1-scaled.jpg\" data-libid=\"1882\" data-lib=\"medialibrary\" title=\"konoba1\" width=\"0\" height=\"0\" data-dbsrc=\"Ly9tYWR1bmljLmN2ZWxqby5jb20uaHIvd3AtY29udGVudC91cGxvYWRzLzIwMjUvMDYva29ub2JhMS1zY2FsZWQuanBn\"\/>\n\t\t\t\t\t\t<img loading=\"lazy\" data-src=\"\/\/madunic.cveljo.com.hr\/wp-content\/uploads\/2025\/06\/karta-2-scaled.jpg\" data-libid=\"1892\" data-lib=\"medialibrary\" title=\"karta-2\" width=\"0\" height=\"0\" data-dbsrc=\"Ly9tYWR1bmljLmN2ZWxqby5jb20uaHIvd3AtY29udGVudC91cGxvYWRzLzIwMjUvMDYva2FydGEtMi1zY2FsZWQuanBn\"\/>\n\t\t\t\t\t<\/image_lists>\n\t\t\t\t<\/sr7-module>\n\t\t\t\t<script>\n\t\t\t\t\tSR7.PMH ??={}; SR7.PMH[\"SR7_1_1\"] = {cn:100,state:false,fn: function() { if (_tpt!==undefined && _tpt.prepareModuleHeight !== undefined) {  _tpt.prepareModuleHeight({id:\"SR7_1_1\",el:[900,900,768,960,720],type:'standard',shdw:'0',gh:[900,900,768,960,720],gw:[1240,1240,1024,778,480],vpt:['-100px&#039;,&#039;-100px&#039;,&#039;-100px&#039;,&#039;-100px&#039;,&#039;-100px'],size:{fullWidth:true, fullHeight:true},fho:'',mh:'0',onh:0,onw:0,bg:{color:'{\"orig\":\"transparent\",\"type\":\"solid\",\"string\":\"transparent\"}'}});   SR7.PMH[\"SR7_1_1\"].state=true;} else if(SR7.PMH[\"SR7_1_1\"].cn-->0)\tsetTimeout( SR7.PMH[\"SR7_1_1\"].fn,19);}};SR7.PMH[\"SR7_1_1\" ].fn();\n\t\t\t\t<\/script>\n<\/div>\n\n\t\t\t\t\t\t<\/div>\n\t\t\t\t<\/div>\n\t\t\t\t\t<\/div>\n\t\t<\/div>\n\t\t\t\t\t<\/div>\n\t\t<\/section>\n\t\t\t\t<section class=\"elementor-section elementor-top-section elementor-element elementor-element-0569e11 elementor-section-stretched elementor-section-boxed elementor-section-height-default elementor-section-height-default\" data-id=\"0569e11\" data-element_type=\"section\" data-settings=\"{&quot;stretch_section&quot;:&quot;section-stretched&quot;}\">\n\t\t\t\t\t\t<div class=\"elementor-container elementor-column-gap-default\">\n\t\t\t\t\t<div class=\"elementor-column elementor-col-100 elementor-top-column elementor-element elementor-element-b3f78ef\" data-id=\"b3f78ef\" data-element_type=\"column\">\n\t\t\t<div class=\"elementor-widget-wrap elementor-element-populated\">\n\t\t\t\t\t\t<div class=\"elementor-element elementor-element-7f6a719 elementor-widget elementor-widget-avas-features\" data-id=\"7f6a719\" data-element_type=\"widget\" data-widget_type=\"avas-features.default\">\n\t\t\t\t<div class=\"elementor-widget-container\">\n\t\t\t\t\t\n        \n                <div class=\"tx-ft-container \">\n            \n                <div class=\"tx-ft-wrapper\">\n                    <div class=\"tx-ft-image-content\">\n                                                      <img loading=\"lazy\" decoding=\"async\" width=\"616\" height=\"430\" src=\"https:\/\/madunic.cveljo.com.hr\/wp-content\/uploads\/2025\/06\/bijelo-naslovna-616x430.jpg\" class=\"attachment-tx-alter-thumb size-tx-alter-thumb wp-image-1893\" alt=\"\" srcset=\"https:\/\/madunic.cveljo.com.hr\/wp-content\/uploads\/2025\/06\/bijelo-naslovna-616x430.jpg 616w, https:\/\/madunic.cveljo.com.hr\/wp-content\/uploads\/2025\/06\/bijelo-naslovna-270x188.jpg 270w\" sizes=\"(max-width: 616px) 100vw, 616px\" \/>                                            <\/div><!-- tx-ft-image-content -->\n                    <div class=\"tx-ft-text-content\">\n                        <div class=\"tx-ft-subtitle\">Okus Dalmacije<\/div>\n                                                <h3 class=\"tx-ft-title\">Prirodno i izvorno<\/h3>\n                                                <div class=\"tx-ft-desc\"><p>Sav repromaterijal potje\u010de iz obli\u017enjih vinograda i vo\u0107nog resursa, uzgojenog na stari prirodni na\u010din, bez utjecaja kemikalija i umjetnih gnojiva.<\/p><\/div>\n                    <\/div><!-- tx-ft-text-content -->\n                <\/div><!-- tx-ft-wrapper -->\n\n            \n                <div class=\"tx-ft-wrapper\">\n                    <div class=\"tx-ft-image-content\">\n                                                      <img loading=\"lazy\" decoding=\"async\" width=\"616\" height=\"430\" src=\"https:\/\/madunic.cveljo.com.hr\/wp-content\/uploads\/2025\/06\/20250615_171959-616x430.jpg\" class=\"attachment-tx-alter-thumb size-tx-alter-thumb wp-image-1897\" alt=\"\" srcset=\"https:\/\/madunic.cveljo.com.hr\/wp-content\/uploads\/2025\/06\/20250615_171959-616x430.jpg 616w, https:\/\/madunic.cveljo.com.hr\/wp-content\/uploads\/2025\/06\/20250615_171959-270x188.jpg 270w\" sizes=\"(max-width: 616px) 100vw, 616px\" \/>                                            <\/div><!-- tx-ft-image-content -->\n                    <div class=\"tx-ft-text-content\">\n                        <div class=\"tx-ft-subtitle\">Rakije i likeri za svakoga<\/div>\n                                                <h3 class=\"tx-ft-title\">Posve\u0107eni detaljima<\/h3>\n                                                <div class=\"tx-ft-desc\"><p>Uz vina u konobi se destiliraju i razne rakije i likeri: loza, travarica, orahovica, vi\u0161njeva\u010da, liker od smokve i \u017ei\u017eule\u2026<\/p><\/div>\n                    <\/div><!-- tx-ft-text-content -->\n                <\/div><!-- tx-ft-wrapper -->\n\n                    <\/div><!-- tx-ft-container -->\n        \n\n\t\t\t\t<\/div>\n\t\t\t\t<\/div>\n\t\t\t\t\t<\/div>\n\t\t<\/div>\n\t\t\t\t\t<\/div>\n\t\t<\/section>\n\t\t\t\t<section class=\"elementor-section elementor-top-section elementor-element elementor-element-5eb944a elementor-section-stretched elementor-section-full_width elementor-section-height-default elementor-section-height-default\" data-id=\"5eb944a\" data-element_type=\"section\" data-settings=\"{&quot;stretch_section&quot;:&quot;section-stretched&quot;}\">\n\t\t\t\t\t\t<div class=\"elementor-container elementor-column-gap-no\">\n\t\t\t\t\t<div class=\"elementor-column elementor-col-50 elementor-top-column elementor-element elementor-element-6d5a8cc\" data-id=\"6d5a8cc\" data-element_type=\"column\">\n\t\t\t<div class=\"elementor-widget-wrap elementor-element-populated\">\n\t\t\t\t\t\t<div class=\"elementor-element elementor-element-3d0ecdb elementor-widget elementor-widget-image\" data-id=\"3d0ecdb\" data-element_type=\"widget\" data-widget_type=\"image.default\">\n\t\t\t\t<div class=\"elementor-widget-container\">\n\t\t\t\t\t\t\t\t\t\t\t\t\t\t\t<img loading=\"lazy\" decoding=\"async\" width=\"2560\" height=\"1734\" src=\"http:\/\/madunic.cveljo.com.hr\/wp-content\/uploads\/2025\/06\/karta-1-scaled.jpg\" class=\"attachment-full size-full wp-image-1902\" alt=\"\" srcset=\"http:\/\/madunic.cveljo.com.hr\/wp-content\/uploads\/2025\/06\/karta-1-scaled.jpg 2560w, http:\/\/madunic.cveljo.com.hr\/wp-content\/uploads\/2025\/06\/karta-1-300x203.jpg 300w, http:\/\/madunic.cveljo.com.hr\/wp-content\/uploads\/2025\/06\/karta-1-1024x694.jpg 1024w, http:\/\/madunic.cveljo.com.hr\/wp-content\/uploads\/2025\/06\/karta-1-768x520.jpg 768w, http:\/\/madunic.cveljo.com.hr\/wp-content\/uploads\/2025\/06\/karta-1-1536x1040.jpg 1536w, http:\/\/madunic.cveljo.com.hr\/wp-content\/uploads\/2025\/06\/karta-1-2048x1387.jpg 2048w, http:\/\/madunic.cveljo.com.hr\/wp-content\/uploads\/2025\/06\/karta-1-360x244.jpg 360w, http:\/\/madunic.cveljo.com.hr\/wp-content\/uploads\/2025\/06\/karta-1-373x253.jpg 373w, http:\/\/madunic.cveljo.com.hr\/wp-content\/uploads\/2025\/06\/karta-1-620x420.jpg 620w, http:\/\/madunic.cveljo.com.hr\/wp-content\/uploads\/2025\/06\/karta-1-460x312.jpg 460w, http:\/\/madunic.cveljo.com.hr\/wp-content\/uploads\/2025\/06\/karta-1-365x247.jpg 365w\" sizes=\"(max-width: 2560px) 100vw, 2560px\" \/>\t\t\t\t\t\t\t\t\t\t\t\t\t\t\t<\/div>\n\t\t\t\t<\/div>\n\t\t\t\t\t<\/div>\n\t\t<\/div>\n\t\t\t\t<div class=\"elementor-column elementor-col-50 elementor-top-column elementor-element elementor-element-8f10377\" data-id=\"8f10377\" data-element_type=\"column\" data-settings=\"{&quot;background_background&quot;:&quot;classic&quot;}\">\n\t\t\t<div class=\"elementor-widget-wrap elementor-element-populated\">\n\t\t\t\t\t\t<div class=\"elementor-element elementor-element-88922a9 tx-hd-align-center elementor-widget elementor-widget-avas-heading\" data-id=\"88922a9\" data-element_type=\"widget\" data-widget_type=\"avas-heading.default\">\n\t\t\t\t<div class=\"elementor-widget-container\">\n\t\t\t\t\t        <div class=\"tx-hd-wrap\">\n\n            <div class=\"tx-hd-wm\"><\/div>\n\n            \n            <div class=\"tx-hd-sub\"><\/div>\n                        <h2 class=\"tx-hd-title\">\n                <span class=\"tx-hd-first-part\">IGRA HRVATSKA PRI\u010cA<\/span>\n                <span class=\"tx-hd-last-part\"><\/span>\n            <\/h2>    \n            \n            <div class=\"tx-hd-desc\"><p>Cilj igre je pobjeda u pam\u0107enju \u010dinjenica, snala\u017eenju na karti i spajanju karte i ciljanog broja me\u0111u 40 ponu\u0111enih slika i crtica.<\/p><\/div>\n\n\n                   \n        <\/div><!-- tx-hd-wrap -->\n\n\n\n\n\n\n\n\n\t\t\t\t<\/div>\n\t\t\t\t<\/div>\n\t\t\t\t<div class=\"elementor-element elementor-element-c35a723 elementor-widget elementor-widget-avas-button\" data-id=\"c35a723\" data-element_type=\"widget\" data-widget_type=\"avas-button.default\">\n\t\t\t\t<div class=\"elementor-widget-container\">\n\t\t\t\t\t\n        <div class=\"tx-btn-wrap style-5\">\n            \n           <a data-hover=\"KONTAKTIRAJTE NAS\" href=\"reservation\" class=\"tx-btn-link\" target=\"_self\" >\n\n            \n            KONTAKTIRAJTE NAS\n            \n            \n           <\/a>\n          \n        <\/div><!-- tx-btn-wrap -->\n        \n        \n\t\t\t\t<\/div>\n\t\t\t\t<\/div>\n\t\t\t\t\t<\/div>\n\t\t<\/div>\n\t\t\t\t\t<\/div>\n\t\t<\/section>\n\t\t\t\t<section class=\"elementor-section elementor-top-section elementor-element elementor-element-75098b7 elementor-section-stretched elementor-section-boxed elementor-section-height-default elementor-section-height-default\" data-id=\"75098b7\" data-element_type=\"section\" data-settings=\"{&quot;stretch_section&quot;:&quot;section-stretched&quot;,&quot;background_background&quot;:&quot;classic&quot;}\">\n\t\t\t\t\t\t\t<div class=\"elementor-background-overlay\"><\/div>\n\t\t\t\t\t\t\t<div class=\"elementor-container elementor-column-gap-default\">\n\t\t\t\t\t<div class=\"elementor-column elementor-col-100 elementor-top-column elementor-element elementor-element-982b981\" data-id=\"982b981\" data-element_type=\"column\">\n\t\t\t<div class=\"elementor-widget-wrap elementor-element-populated\">\n\t\t\t\t\t\t<div class=\"elementor-element elementor-element-ef00c84 tx-hd-align-center elementor-widget elementor-widget-avas-heading\" data-id=\"ef00c84\" data-element_type=\"widget\" data-widget_type=\"avas-heading.default\">\n\t\t\t\t<div class=\"elementor-widget-container\">\n\t\t\t\t\t        <div class=\"tx-hd-wrap\">\n\n            <div class=\"tx-hd-wm\"><\/div>\n\n            \n            <div class=\"tx-hd-sub\"><\/div>\n                        <h2 class=\"tx-hd-title\">\n                <span class=\"tx-hd-first-part\">KONTAKT<\/span>\n                <span class=\"tx-hd-last-part\"><\/span>\n            <\/h2>    \n            \n            <div class=\"tx-hd-desc\"><p>Za sve upite slobodno nas kontaktirajte<\/p><\/div>\n\n\n                   \n        <\/div><!-- tx-hd-wrap -->\n\n\n\n\n\n\n\n\n\t\t\t\t<\/div>\n\t\t\t\t<\/div>\n\t\t\t\t<div class=\"elementor-element elementor-element-88b4f7f elementor-widget elementor-widget-avas-contact-form-7\" data-id=\"88b4f7f\" data-element_type=\"widget\" data-widget_type=\"avas-contact-form-7.default\">\n\t\t\t\t<div class=\"elementor-widget-container\">\n\t\t\t\t\t        \n                <div class=\"tx-contact-form-7\">\n\n           \n<div class=\"wpcf7 no-js\" id=\"wpcf7-f1854-o1\" lang=\"en-US\" dir=\"ltr\" data-wpcf7-id=\"1854\">\n<div class=\"screen-reader-response\"><p role=\"status\" aria-live=\"polite\" aria-atomic=\"true\"><\/p> <ul><\/ul><\/div>\n<form action=\"\/index.php\/wp-json\/wp\/v2\/pages\/1750#wpcf7-f1854-o1\" method=\"post\" class=\"wpcf7-form init\" aria-label=\"Contact form\" novalidate=\"novalidate\" data-status=\"init\">\n<div style=\"display: none;\">\n<input type=\"hidden\" name=\"_wpcf7\" value=\"1854\" \/>\n<input type=\"hidden\" name=\"_wpcf7_version\" value=\"6.0.6\" \/>\n<input type=\"hidden\" name=\"_wpcf7_locale\" value=\"en_US\" \/>\n<input type=\"hidden\" name=\"_wpcf7_unit_tag\" value=\"wpcf7-f1854-o1\" \/>\n<input type=\"hidden\" name=\"_wpcf7_container_post\" value=\"0\" \/>\n<input type=\"hidden\" name=\"_wpcf7_posted_data_hash\" value=\"\" \/>\n<\/div>\n<div class=\"row\">\n\t<div class=\"col-xs-12 col-sm-6 col-md-6 col-lg-12\">\n\t\t<p><span class=\"wpcf7-form-control-wrap\" data-name=\"your-name\"><input size=\"40\" maxlength=\"400\" class=\"wpcf7-form-control wpcf7-text wpcf7-validates-as-required\" aria-required=\"true\" aria-invalid=\"false\" placeholder=\"Name\" value=\"\" type=\"text\" name=\"your-name\" \/><\/span>\n\t\t<\/p>\n\t<\/div>\n\t<div class=\"col-xs-12 col-sm-6 col-md-6 col-lg-12\">\n\t\t<p><span class=\"wpcf7-form-control-wrap\" data-name=\"your-email\"><input size=\"40\" maxlength=\"400\" class=\"wpcf7-form-control wpcf7-email wpcf7-validates-as-required wpcf7-text wpcf7-validates-as-email\" aria-required=\"true\" aria-invalid=\"false\" placeholder=\"E-mail\" value=\"\" type=\"email\" name=\"your-email\" \/><\/span>\n\t\t<\/p>\n\t<\/div>\n\t<div class=\"col-xs-12 col-sm-6 col-md-6 col-lg-12\">\n\t\t<p><span class=\"wpcf7-form-control-wrap\" data-name=\"phone\"><input size=\"40\" maxlength=\"400\" class=\"wpcf7-form-control wpcf7-tel wpcf7-validates-as-required wpcf7-text wpcf7-validates-as-tel\" aria-required=\"true\" aria-invalid=\"false\" placeholder=\"Phone\" value=\"\" type=\"tel\" name=\"phone\" \/><\/span>\n\t\t<\/p>\n\t<\/div>\n\t<div class=\"col-xs-12 col-sm-6 col-md-6 col-lg-12\">\n\t\t<p><span class=\"wpcf7-form-control-wrap\" data-name=\"subject\"><input size=\"40\" maxlength=\"400\" class=\"wpcf7-form-control wpcf7-text wpcf7-validates-as-required\" aria-required=\"true\" aria-invalid=\"false\" placeholder=\"Subject\" value=\"\" type=\"text\" name=\"subject\" \/><\/span>\n\t\t<\/p>\n\t<\/div>\n\t<div class=\"col-xs-12 col-sm-12 col-md-12 col-lg-12\">\n\t\t<p><span class=\"wpcf7-form-control-wrap\" data-name=\"your-message\"><textarea cols=\"40\" rows=\"10\" maxlength=\"2000\" class=\"wpcf7-form-control wpcf7-textarea wpcf7-validates-as-required\" aria-required=\"true\" aria-invalid=\"false\" placeholder=\"Your message\" name=\"your-message\"><\/textarea><\/span>\n\t\t<\/p>\n\t<\/div>\n\t<div class=\"col-xs-12 col-sm-12 col-md-12 col-lg-12\">\n\t\t<p><input class=\"wpcf7-form-control wpcf7-submit has-spinner\" type=\"submit\" value=\"SEND\" \/>\n\t\t<\/p>\n\t<\/div>\n<\/div><div class=\"wpcf7-response-output\" aria-hidden=\"true\"><\/div>\n<\/form>\n<\/div>\n       \n        <\/div><!-- tx-contact-form-7 -->\n        \n    \t\t\t\t<\/div>\n\t\t\t\t<\/div>\n\t\t\t\t\t<\/div>\n\t\t<\/div>\n\t\t\t\t\t<\/div>\n\t\t<\/section>\n\t\t\t\t<\/div>\n\t\t","protected":false},"excerpt":{"rendered":"<p class=\"tx-excerpt\">Okus Dalmacije Prirodno i izvorno Sav repromaterijal potje\u010de iz obli\u017enjih vinograda i vo\u0107nog resursa, uzgojenog...<\/p>","protected":false},"author":1,"featured_media":0,"parent":0,"menu_order":0,"comment_status":"closed","ping_status":"closed","template":"templates\/blank.php","meta":{"footnotes":""},"class_list":["post-1750","page","type-page","status-publish","hentry"],"_links":{"self":[{"href":"https:\/\/madunic.cveljo.com.hr\/index.php\/wp-json\/wp\/v2\/pages\/1750","targetHints":{"allow":["GET"]}}],"collection":[{"href":"https:\/\/madunic.cveljo.com.hr\/index.php\/wp-json\/wp\/v2\/pages"}],"about":[{"href":"https:\/\/madunic.cveljo.com.hr\/index.php\/wp-json\/wp\/v2\/types\/page"}],"author":[{"embeddable":true,"href":"https:\/\/madunic.cveljo.com.hr\/index.php\/wp-json\/wp\/v2\/users\/1"}],"replies":[{"embeddable":true,"href":"https:\/\/madunic.cveljo.com.hr\/index.php\/wp-json\/wp\/v2\/comments?post=1750"}],"version-history":[{"count":10,"href":"https:\/\/madunic.cveljo.com.hr\/index.php\/wp-json\/wp\/v2\/pages\/1750\/revisions"}],"predecessor-version":[{"id":1905,"href":"https:\/\/madunic.cveljo.com.hr\/index.php\/wp-json\/wp\/v2\/pages\/1750\/revisions\/1905"}],"wp:attachment":[{"href":"https:\/\/madunic.cveljo.com.hr\/index.php\/wp-json\/wp\/v2\/media?parent=1750"}],"curies":[{"name":"wp","href":"https:\/\/api.w.org\/{rel}","templated":true}]}}